{"id":2098,"date":"2022-01-06T21:02:04","date_gmt":"2022-01-06T20:02:04","guid":{"rendered":"https:\/\/rtbike.ch\/?page_id=2098"},"modified":"2022-01-06T21:43:12","modified_gmt":"2022-01-06T20:43:12","slug":"datenschutzerklaerung-impressum","status":"publish","type":"page","link":"https:\/\/rtbike.ch\/index.php\/datenschutzerklaerung-impressum\/","title":{"rendered":"Datenschutzerkl\u00e4rung \/ Impressum"},"content":{"rendered":"<p><strong>Verantwortlich\u00a0<\/strong><\/p>\n<p>RT Bike-Tech GmbH<br \/>\nSpitalstrasse 24<br \/>\n9472 Grabs<br \/>\nE-Mail: info (at) rtbike.ch<\/p>\n<p>Vertretungsberechtigte Personen<br \/>\nThomas Roth<\/p>\n<p>Name des Unternehmens<br \/>\nRT Bike-Tech GmbH<\/p>\n<p>Registrationsnummer<br \/>\nCHE-108.520.953<\/p>\n<p>Umsatzsteuer-Identifikationsnummer<br \/>\nCHE-108.520.953 MWST<\/p>\n<p>&nbsp;<\/p>\n<p><strong>Haftungsausschluss<\/strong><br \/>\nDer Autor \u00fcbernimmt keine Gew\u00e4hr f\u00fcr die Richtigkeit, Genauigkeit, Aktualit\u00e4t, Zuverl\u00e4ssigkeit und Vollst\u00e4ndigkeit der Informationen.<br \/>\nHaftungsanspr\u00fcche gegen den Autor wegen Sch\u00e4den materieller oder immaterieller Art, die aus dem Zugriff oder der Nutzung bzw. Nichtnutzung der ver\u00f6ffentlichten Informationen, durch Missbrauch der Verbindung oder durch technische St\u00f6rungen entstanden sind, werden ausgeschlossen.<\/p>\n<p>Alle Angebote sind freibleibend. Der Autor beh\u00e4lt es sich ausdr\u00fccklich vor, Teile der Seiten oder das gesamte Angebot ohne gesonderte Ank\u00fcndigung zu ver\u00e4ndern, zu erg\u00e4nzen, zu l\u00f6schen oder die Ver\u00f6ffentlichung zeitweise oder endg\u00fcltig einzustellen.<\/p>\n<p><strong>Haftungsausschluss f\u00fcr Inhalte und Links<\/strong><br \/>\nVerweise und Links auf Webseiten Dritter liegen ausserhalb unseres Verantwortungsbereichs. Es wird jegliche Verantwortung f\u00fcr solche Webseiten abgelehnt. Der Zugriff und die Nutzung solcher Webseiten erfolgen auf eigene Gefahr des jeweiligen Nutzers.<\/p>\n<p><strong>Urheberrechtserkl\u00e4rung<\/strong><br \/>\nDie Urheber- und alle anderen Rechte an Inhalten, Bildern, Fotos oder anderen Dateien auf dieser Website, geh\u00f6ren ausschliesslich su-n.ch oder den speziell genannten Rechteinhabern. F\u00fcr die Reproduktion jeglicher Elemente ist die schriftliche Zustimmung des Urheberrechtstr\u00e4gers im Voraus einzuholen.<\/p>\n<p>&nbsp;<\/p>\n<p><strong>Datenschutzerkl\u00e4rung <\/strong><\/p>\n<p><strong>Allgemein<\/strong><br \/>\nGest\u00fctzt auf Artikel 13 der Schweizerischen Bundesverfassung und die datenschutzrechtlichen Bestimmungen des Bundes (Datenschutzgesetz, DSG) hat jede Person Anspruch auf Schutz ihrer Privatsph\u00e4re sowie auf Schutz vor Missbrauch ihrer pers\u00f6nlichen Daten. Die Betreiber dieser Seiten nehmen den Schutz Ihrer pers\u00f6nlichen Daten sehr ernst. Wir behandeln Ihre personenbezogenen Daten vertraulich und entsprechend der gesetzlichen Datenschutzvorschriften sowie dieser Datenschutzerkl\u00e4rung.<\/p>\n<p>In Zusammenarbeit mit unseren Providern bem\u00fchen wir uns, die Datenbanken so gut wie m\u00f6glich vor unberechtigtem Zugriff, Verlust, Missbrauch oder Verf\u00e4lschung zu sch\u00fctzen.<\/p>\n<p>Wir weisen darauf hin, dass die Daten\u00fcbertragung im Internet (z.B. bei der Kommunikation per E-Mail) im Klartext erfolgt bzw. Sicherheitsl\u00fccken aufweisen kann. Ein l\u00fcckenloser Schutz der Daten vor dem Zugriff durch Dritte ist nicht m\u00f6glich.<\/p>\n<p>Durch die Nutzung dieser Website erkl\u00e4ren Sie sich mit der Erhebung, Verarbeitung und Nutzung von Daten gem\u00e4\u00df der nachfolgenden Beschreibung einverstanden. Diese Website kann grunds\u00e4tzlich ohne Registrierung besucht werden. Daten wie aufgerufene Seiten oder Namen von aufgerufenen Dateien, Datum und Uhrzeit werden zu statistischen Zwecken auf dem Server gespeichert, ohne dass diese Daten unmittelbar auf Ihre Person bezogen werden. Soweit auf unseren Seiten personenbezogene Daten (beispielsweise Name, Anschrift oder eMail-Adressen) erhoben werden, erfolgt dies, soweit m\u00f6glich, stets auf freiwilliger Basis. Diese Daten werden ohne Ihre ausdr\u00fcckliche Zustimmung nicht an Dritte weitergegeben.<\/p>\n<p><strong>SSL\/TLS-Verschl\u00fcsselung<\/strong><br \/>\nDiese Website verwendet aus Sicherheitsgr\u00fcnden und zum Schutz der \u00dcbertragung vertraulicher Inhalte, wie z.B. Anfragen, die Sie an uns als Seitenbetreiber senden, eine SSL\/TLS-Verschl\u00fcsselung. Eine verschl\u00fcsselte Verbindung erkennen Sie daran, dass die Adresszeile des Browsers von &#8222;http:\/\/&#8220; auf &#8222;https:\/\/&#8220; wechselt und an dem Schloss-Symbol in Ihrer Browserzeile.<br \/>\nWenn die SSL- oder TLS-Verschl\u00fcsselung aktiviert ist, k\u00f6nnen die Daten, die Sie an uns \u00fcbermitteln, nicht von Dritten gelesen werden.<\/p>\n<p><strong>Server-Log-Dateien<\/strong><br \/>\nDer Provider dieser Website erhebt und speichert automatisch Informationen in so genannten Server-Log-Dateien, die Ihr Browser automatisch an uns \u00fcbermittelt. Dies sind:<br \/>\n&#8211; Browsertyp und Browserversion<br \/>\n&#8211; Verwendetes Betriebssystem<br \/>\n&#8211; Referrer URL<br \/>\n&#8211; Hostname des zugreifenden Rechners<br \/>\n&#8211; Zeitpunkt der Serveranfrage<\/p>\n<p>Diese Daten sind nicht bestimmten Personen zuordenbar. Eine Zusammenf\u00fchrung dieser Daten mit anderen Datenquellen wird nicht vorgenommen. Wir behalten uns vor, diese Daten nachtr\u00e4glich zu pr\u00fcfen, wenn uns konkrete Anhaltspunkte f\u00fcr eine rechtswidrige Nutzung bekannt werden.<\/p>\n<p><strong>Dienste von Drittanbietern<\/strong><br \/>\nDiese Website kann Google Maps zur Einbettung von Karten, Google Invisible reCAPTCHA zum Schutz vor Bots und Spam und YouTube zur Einbettung von Videos nutzen.<br \/>\nDiese Dienste der amerikanischen Google LLC verwenden u.a. Cookies, wodurch Daten an Google in die USA \u00fcbertragen werden, wobei wir davon ausgehen, dass in diesem Zusammenhang allein durch die Nutzung unserer Website kein personenbezogenes Tracking stattfindet.<br \/>\nGoogle hat sich verpflichtet, einen angemessenen Datenschutz gem\u00e4\u00df dem US-amerikanisch-europ\u00e4ischen und dem US-amerikanisch-schweizerischen Privacy Shield zu gew\u00e4hrleisten.<br \/>\nWeitere Informationen finden Sie in den Datenschutzbestimmungen von Google.<\/p>\n<p><strong>Kontaktformular<\/strong><br \/>\nWenn Sie uns per Kontaktformular Anfragen zukommen lassen, werden Ihre Angaben aus dem Anfrageformular inklusive der von Ihnen dort angegebenen Kontaktdaten zwecks Bearbeitung der Anfrage und f\u00fcr den Fall von Anschlussfragen bei uns gespeichert. Diese Daten geben wir nicht ohne Ihre Einwilligung weiter.<\/p>\n<p><strong>Newsletter<\/strong><br \/>\nWenn Sie den auf der Webseite angebotenen Newsletter empfangen m\u00f6chten, ben\u00f6tigen wir von Ihnen eine E-Mail-Adresse sowie Informationen, welche uns die \u00dcberpr\u00fcfung gestatten, dass Sie der Inhaber der angegebenen E-Mail-Adresse sind und mit dem Empfang des Newsletters einverstanden sind. Weitere Daten werden nicht erhoben. Diese Daten verwenden wir ausschlie\u00dflich f\u00fcr den Versand der angeforderten Informationen und geben diese nicht an Dritte weiter.<br \/>\nNachdem Sie Ihre Einwilligung zur Speicherung der Daten, der E-Mail-Adresse sowie deren Nutzung zum Versand des Newsletters erteilt haben, k\u00f6nnen<\/p>\n<p><strong>MailPoet Newsletter<br \/>\n<\/strong>Falls Sie unseren Newsletter abonniert haben, besteht eine hohe Wahrscheinlichkeit, dass du E-Mails von uns erh\u00e4ltst.<br \/>\nWir werden dir nur dann E-Mails senden, wenn du dazu eingewilligt hast oder die unsere Dienstleistungen betreffen, die wir dir angeboten haben.<br \/>\nUm dir E-Mails zu senden, benutzen wir den Namen und die E-Mail-Adresse, die Sie uns angegeben haben. Unsere Website zeichnet die IP-Adresse auf, die Sie bei der Anmeldung f\u00fcr die Dienstleistung benutzen, um Missbrauch zu verhindern. Die Website kann E-Mails \u00fcber den\u00a0MailPoet Sending Service versenden. Dieser Dienst erm\u00f6glicht es uns, \u00d6ffnungen und Klicks auf unsere E-Mails aufzuzeichnen. Wir benutzen diese Informationen, um die Inhalte unserer Newsletter zu verbessern. Es werden au\u00dfer der E-Mail-Adresse keine identifizierbaren Informationen au\u00dferhalb dieser Website aufgezeichnet. Sie k\u00f6nnen jederzeit den Empfang des Newslettters widerrufen, \u00fcber den &#8222;Abmeldelink&#8220; im Newsletter.<\/p>\n<p><strong>Google Maps<\/strong><br \/>\nDiese Website nutzt das Angebot von Google Maps. Dies erm\u00f6glicht es uns, interaktive Karten direkt auf der Website darzustellen und Ihnen die komfortable Nutzung der Kartenfunktion zu erm\u00f6glichen. Durch den Besuch der Website erh\u00e4lt Google die Information, dass Sie die entsprechende Unterseite unserer Website aufgerufen haben. Dies geschieht unabh\u00e4ngig davon, ob Google ein Nutzerkonto bereitstellt, \u00fcber das Sie eingeloggt sind, oder ob kein Nutzerkonto vorhanden ist. Wenn Sie bei Google eingeloggt sind, werden Ihre Daten direkt Ihrem Konto zugeordnet. Wenn Sie die Zuordnung zu Ihrem Profil bei Google nicht w\u00fcnschen, m\u00fcssen Sie sich vor Aktivierung der Schaltfl\u00e4che ausloggen. Google speichert Ihre Daten als Nutzungsprofile und nutzt sie f\u00fcr Zwecke der Werbung, Marktforschung und\/oder bedarfsgerechten Gestaltung ihrer Website. Eine solche Auswertung erfolgt insbesondere (auch f\u00fcr nicht eingeloggte Nutzer) zur Erbringung bedarfsgerechter Werbung und um andere Nutzer des sozialen Netzwerks \u00fcber Ihre Aktivit\u00e4ten auf unserer Website zu informieren. Sie haben das Recht, der Erstellung dieser Nutzerprofile zu widersprechen, wobei Sie sich zur Aus\u00fcbung dieses Rechts an Google wenden m\u00fcssen. N\u00e4here Informationen zu Zweck und Umfang der Datenerhebung und -verarbeitung durch Google sowie weitere Informationen zu Ihren diesbez\u00fcglichen Rechten und Einstellungsm\u00f6glichkeiten zum Schutz Ihrer Privatsph\u00e4re finden Sie unter: www.google.de\/intl\/de\/policies\/privacy.<\/p>\n<p><strong>Google reCAPTCHA<\/strong><br \/>\nDiese Website verwendet den reCAPTCHA-Dienst von Google Ireland Limited (Gordon House, Barrow Street Dublin 4, Irland &#8222;Google&#8220;). Die Abfrage dient dazu, zu unterscheiden, ob die Eingabe durch einen Menschen oder durch eine automatisierte, maschinelle Verarbeitung erfolgt. Die Abfrage beinhaltet die \u00dcbermittlung der IP-Adresse und ggf. weiterer von Google f\u00fcr den reCAPTCHA-Dienst ben\u00f6tigter Daten an Google. Zu diesem Zweck wird Ihre Eingabe an Google \u00fcbermittelt und dort weiterverwendet. Ihre IP-Adresse wird von Google jedoch innerhalb von Mitgliedstaaten der Europ\u00e4ischen Union oder in anderen Vertragsstaaten des Abkommens \u00fcber den Europ\u00e4ischen Wirtschaftsraum zuvor gek\u00fcrzt. Nur in Ausnahmef\u00e4llen wird die volle IP-Adresse an einen Server von Google in den USA \u00fcbertragen und dort gek\u00fcrzt. Im Auftrag des Betreibers dieser Website wird Google diese Informationen benutzen, um Ihre Nutzung dieses Dienstes auszuwerten. Die im Rahmen von reCaptcha von Ihrem Browser \u00fcbermittelte IP-Adresse wird nicht mit anderen Daten von Google zusammengef\u00fchrt. Ihre Daten k\u00f6nnen dabei auch in die USA \u00fcbertragen werden. F\u00fcr Daten\u00fcbermittlungen in die USA gibt es einen Angemessenheitsbeschluss der Europ\u00e4ischen Kommission, das &#8222;Privacy Shield&#8220;. Google nimmt an dem &#8222;Privacy Shield&#8220; teil und hat sich den Anforderungen unterworfen. Durch Bet\u00e4tigen der Abfrage stimmen Sie der Verarbeitung Ihrer Daten zu. Die Verarbeitung erfolgt auf Grundlage von Art. 6 (1) lit. a DSGVO mit Ihrer Einwilligung. Sie k\u00f6nnen Ihre Einwilligung jederzeit widerrufen, ohne dass die Rechtm\u00e4\u00dfigkeit der aufgrund der Einwilligung bis zum Widerruf erfolgten Verarbeitung ber\u00fchrt wird.<br \/>\nWeitere Informationen zu Google reCAPTCHA und den dazugeh\u00f6rigen Datenschutzbestimmungen finden Sie unter: https:\/\/policies.google.com\/privacy?hl=de<\/p>\n<p><strong>Google Analytics<\/strong><br \/>\nDiese Website benutzt Google Analytics, einen Webanalysedienst, der von Google Ireland Limited bereitgestellt wird. Befindet sich der f\u00fcr die Datenverarbeitung auf dieser Website Verantwortliche au\u00dferhalb des Europ\u00e4ischen Wirtschaftsraums oder der Schweiz, so wird die Datenverarbeitung von Google Analytics von Google LLC durchgef\u00fchrt. Google LLC und Google Ireland Limited werden im Folgenden als &#8222;Google&#8220; bezeichnet.<br \/>\nDie gewonnenen Statistiken erm\u00f6glichen es uns, unser Angebot zu verbessern und f\u00fcr Sie als Nutzer interessanter zu gestalten. Diese Website verwendet Google Analytics auch f\u00fcr eine ger\u00e4te\u00fcbergreifende Analyse der Besucherstr\u00f6me, die \u00fcber eine Benutzerkennung erfolgt. Wenn Sie \u00fcber ein Google-Benutzerkonto verf\u00fcgen, k\u00f6nnen Sie die ger\u00e4te\u00fcbergreifende Analyse Ihrer Nutzung in den dortigen Einstellungen unter &#8222;Meine Daten&#8220;, &#8222;Pers\u00f6nliche Daten&#8220; deaktivieren.<br \/>\nDie Rechtsgrundlage f\u00fcr den Einsatz von Google Analytics ist Art. 6 Abs. 1 S. 1 lit. f DS-GVO. Die im Rahmen von Google Analytics von Ihrem Browser \u00fcbermittelte IP-Adresse wird nicht mit anderen Daten von Google zusammengef\u00fchrt. Wir weisen Sie darauf hin, dass auf dieser Website Google Analytics um den Code &#8222;_anonymizeIp();&#8220; erweitert wurde, um eine anonymisierte Erfassung von IP-Adressen zu gew\u00e4hrleisten. Das bedeutet, dass IP-Adressen in gek\u00fcrzter Form verarbeitet werden, so dass sie nicht mit einer bestimmten Person in Verbindung gebracht werden k\u00f6nnen. Sollten die \u00fcber Sie erhobenen Daten einer Person zugeordnet werden k\u00f6nnen, wird dies sofort ausgeschlossen und die personenbezogenen Daten werden umgehend gel\u00f6scht.<br \/>\nNur in Ausnahmef\u00e4llen wird die volle IP-Adresse an einen Server von Google in den USA \u00fcbertragen und dort gek\u00fcrzt. Im Auftrag des Betreibers dieser Website wird Google diese Informationen benutzen, um Ihre Nutzung der Website auszuwerten, um Reports \u00fcber die Websiteaktivit\u00e4ten zusammenzustellen und um weitere mit der Websitenutzung und der Internetnutzung verbundene Dienstleistungen gegen\u00fcber dem Websitebetreiber zu erbringen. F\u00fcr die Ausnahmef\u00e4lle, in denen personenbezogene Daten in die USA \u00fcbertragen werden, hat sich Google dem EU-US Privacy Shield unterworfen, https:\/\/www.privacyshield.gov\/EU-US-Framework.<br \/>\nGoogle Analytics verwendet Cookies. Die durch den Cookie erzeugten Informationen \u00fcber Ihre Benutzung dieser Website werden in der Regel an einen Server von Google in den USA \u00fcbertragen und dort gespeichert. Sie k\u00f6nnen die Speicherung der Cookies durch eine entsprechende Einstellung Ihrer Browser-Software verhindern; wir weisen Sie jedoch darauf hin, dass Sie in diesem Fall gegebenenfalls nicht s\u00e4mtliche Funktionen dieser Website vollumf\u00e4nglich werden nutzen k\u00f6nnen. Sie k\u00f6nnen dar\u00fcber hinaus die Erfassung der durch das Cookie erzeugten und auf Ihre Nutzung der Website bezogenen Daten (inkl. Ihrer IP-Adresse) an Google sowie die Verarbeitung dieser Daten durch Google verhindern, indem sie das unter dem folgenden Link verf\u00fcgbare Browser-Plugin herunterladen und installieren: Google Analytics deaktivieren.<br \/>\nDar\u00fcber hinaus k\u00f6nnen Sie auch die Nutzung von Google Analytics verhindern, indem Sie auf diesen Link klicken: Google Analytics deaktivieren. Dadurch wird ein sog. Opt-Out-Cookie auf Ihrem Datentr\u00e4ger gespeichert, der die Verarbeitung personenbezogener Daten durch Google Analytics verhindert. Bitte beachten Sie, dass beim L\u00f6schen aller Cookies auf Ihrem Endger\u00e4t auch diese Opt-Out-Cookies gel\u00f6scht werden, d.h. Sie m\u00fcssen die Opt-Out-Cookies erneut setzen, wenn Sie diese Form der Datenerhebung weiterhin verhindern wollen. Die Opt-Out-Cookies werden pro Browser und Computer\/Endger\u00e4t gesetzt und m\u00fcssen daher f\u00fcr jeden Browser, Computer oder jedes andere Endger\u00e4t separat aktiviert werden.<\/p>\n<p><strong>Google WebFonts<\/strong><br \/>\nDiese Website verwendet f\u00fcr die einheitliche Darstellung von Schriftarten sogenannte Webfonts, die von Google bereitgestellt werden. Wenn Sie eine Seite aufrufen, l\u00e4dt Ihr Browser die ben\u00f6tigten Web Fonts in seinen Browser-Cache, um Texte und Schriften korrekt darzustellen. Wenn Ihr Browser keine Web Fonts unterst\u00fctzt, wird eine Standardschriftart von Ihrem Computer verwendet.<br \/>\nWeitere Informationen zu Google Web Fonts finden Sie unter https:\/\/developers.google.com\/fonts\/faq und in den Datenschutzbestimmungen von Google: https:\/\/www.google.com\/policies\/privacy\/<\/p>\n<p><strong>Akismet<br \/>\n<\/strong>Wir sammeln Informationen \u00fcber Besucher, die Kommentare auf Websites, die unseren Akismet Anti-Spam Service benutzen, hinterlassen. Das Ausma\u00df an Informationen, die wir sammeln, h\u00e4ngt davon ab, wie der Benutzer seine Website eingestellt hat. Normalerweise beinhalten diese Daten die IP-Adresse des Benutzers, den User Agent, Referrer und Website-URL (sowie die Informationen, die der Benutzer direkt eingegeben hat wie z.B. Namen, Benutzernamen, E-Mail-Adresse und den Kommentar selbst).<\/p>\n","protected":false},"excerpt":{"rendered":"<p>Verantwortlich\u00a0 RT Bike-Tech GmbH Spitalstrasse 24 9472 Grabs E-Mail: info (at) rtbike.ch Vertretungsberechtigte Personen Thomas Roth Name des Unternehmens RT Bike-Tech GmbH Registrationsnummer CHE-108.520.953 Umsatzsteuer-Identifikationsnummer CHE-108.520.953 MWST &nbsp; Haftungsausschluss Der Autor \u00fcbernimmt keine Gew\u00e4hr f\u00fcr<\/p>\n","protected":false},"author":1,"featured_media":0,"parent":0,"menu_order":2,"comment_status":"closed","ping_status":"closed","template":"","meta":{"footnotes":""},"class_list":["post-2098","page","type-page","status-publish","hentry"],"aioseo_notices":[],"_links":{"self":[{"href":"https:\/\/rtbike.ch\/index.php\/wp-json\/wp\/v2\/pages\/2098","targetHints":{"allow":["GET"]}}],"collection":[{"href":"https:\/\/rtbike.ch\/index.php\/wp-json\/wp\/v2\/pages"}],"about":[{"href":"https:\/\/rtbike.ch\/index.php\/wp-json\/wp\/v2\/types\/page"}],"author":[{"embeddable":true,"href":"https:\/\/rtbike.ch\/index.php\/wp-json\/wp\/v2\/users\/1"}],"replies":[{"embeddable":true,"href":"https:\/\/rtbike.ch\/index.php\/wp-json\/wp\/v2\/comments?post=2098"}],"version-history":[{"count":12,"href":"https:\/\/rtbike.ch\/index.php\/wp-json\/wp\/v2\/pages\/2098\/revisions"}],"predecessor-version":[{"id":2110,"href":"https:\/\/rtbike.ch\/index.php\/wp-json\/wp\/v2\/pages\/2098\/revisions\/2110"}],"wp:attachment":[{"href":"https:\/\/rtbike.ch\/index.php\/wp-json\/wp\/v2\/media?parent=2098"}],"curies":[{"name":"wp","href":"https:\/\/api.w.org\/{rel}","templated":true}]}}